{"id":979,"date":"2025-05-21T11:40:58","date_gmt":"2025-05-21T09:40:58","guid":{"rendered":"https:\/\/raport-pekao.pl\/?page_id=979"},"modified":"2025-05-21T11:45:43","modified_gmt":"2025-05-21T09:45:43","slug":"informacja-dotyczaca-emisji-wykupu-i-splaty-dluznych-papierow-wartosciowych","status":"publish","type":"page","link":"https:\/\/raport-pekao.pl\/en\/informacja-dotyczaca-emisji-wykupu-i-splaty-dluznych-papierow-wartosciowych\/","title":{"rendered":"Informacja dotycz\u0105ca emisji, wykupu i sp\u0142aty d\u0142u\u017cnych papier\u00f3w warto\u015bciowych"},"content":{"rendered":"","protected":false},"excerpt":{"rendered":"","protected":false},"author":2,"featured_media":0,"parent":0,"menu_order":0,"comment_status":"closed","ping_status":"closed","template":"","meta":{"_acf_changed":false,"footnotes":""},"dictionary":[],"class_list":["post-979","page","type-page","status-publish","hentry"],"acf":[],"yoast_head":"<!-- This site is optimized with the Yoast SEO plugin v25.3.1 - https:\/\/yoast.com\/wordpress\/plugins\/seo\/ -->\n<title>Informacja dotycz\u0105ca emisji, wykupu i sp\u0142aty d\u0142u\u017cnych papier\u00f3w warto\u015bciowych - en<\/title>\n<meta name=\"robots\" content=\"noindex, follow, max-snippet:-1, max-image-preview:large, max-video-preview:-1\" \/>\n<meta property=\"og:locale\" content=\"pl_PL\" \/>\n<meta property=\"og:type\" content=\"article\" \/>\n<meta property=\"og:title\" content=\"Informacja dotycz\u0105ca emisji, wykupu i sp\u0142aty d\u0142u\u017cnych papier\u00f3w warto\u015bciowych - en\" \/>\n<meta property=\"og:url\" content=\"https:\/\/raport-pekao.pl\/en\/informacja-dotyczaca-emisji-wykupu-i-splaty-dluznych-papierow-wartosciowych\/\" \/>\n<meta property=\"og:site_name\" content=\"en\" \/>\n<meta property=\"article:modified_time\" content=\"2025-05-21T09:45:43+00:00\" \/>\n<meta name=\"twitter:card\" content=\"summary_large_image\" \/>\n<script type=\"application\/ld+json\" class=\"yoast-schema-graph\">{\"@context\":\"https:\/\/schema.org\",\"@graph\":[{\"@type\":\"WebPage\",\"@id\":\"https:\/\/raport-pekao.pl\/en\/informacja-dotyczaca-emisji-wykupu-i-splaty-dluznych-papierow-wartosciowych\/\",\"url\":\"https:\/\/raport-pekao.pl\/en\/informacja-dotyczaca-emisji-wykupu-i-splaty-dluznych-papierow-wartosciowych\/\",\"name\":\"Informacja dotycz\u0105ca emisji, wykupu i sp\u0142aty d\u0142u\u017cnych papier\u00f3w warto\u015bciowych - en\",\"isPartOf\":{\"@id\":\"https:\/\/raport-pekao.pl\/en\/#website\"},\"datePublished\":\"2025-05-21T09:40:58+00:00\",\"dateModified\":\"2025-05-21T09:45:43+00:00\",\"breadcrumb\":{\"@id\":\"https:\/\/raport-pekao.pl\/en\/informacja-dotyczaca-emisji-wykupu-i-splaty-dluznych-papierow-wartosciowych\/#breadcrumb\"},\"inLanguage\":\"pl-PL\",\"potentialAction\":[{\"@type\":\"ReadAction\",\"target\":[\"https:\/\/raport-pekao.pl\/en\/informacja-dotyczaca-emisji-wykupu-i-splaty-dluznych-papierow-wartosciowych\/\"]}]},{\"@type\":\"BreadcrumbList\",\"@id\":\"https:\/\/raport-pekao.pl\/en\/informacja-dotyczaca-emisji-wykupu-i-splaty-dluznych-papierow-wartosciowych\/#breadcrumb\",\"itemListElement\":[{\"@type\":\"ListItem\",\"position\":1,\"name\":\"Home\",\"item\":\"https:\/\/raport-pekao.pl\/en\/\"},{\"@type\":\"ListItem\",\"position\":2,\"name\":\"Informacja dotycz\u0105ca emisji, wykupu i sp\u0142aty d\u0142u\u017cnych papier\u00f3w warto\u015bciowych\"}]},{\"@type\":\"WebSite\",\"@id\":\"https:\/\/raport-pekao.pl\/en\/#website\",\"url\":\"https:\/\/raport-pekao.pl\/en\/\",\"name\":\"en\",\"description\":\"\",\"potentialAction\":[{\"@type\":\"SearchAction\",\"target\":{\"@type\":\"EntryPoint\",\"urlTemplate\":\"https:\/\/raport-pekao.pl\/en\/?s={search_term_string}\"},\"query-input\":{\"@type\":\"PropertyValueSpecification\",\"valueRequired\":true,\"valueName\":\"search_term_string\"}}],\"inLanguage\":\"pl-PL\"}]}<\/script>\n<!-- \/ Yoast SEO plugin. -->","yoast_head_json":{"title":"Informacja dotycz\u0105ca emisji, wykupu i sp\u0142aty d\u0142u\u017cnych papier\u00f3w warto\u015bciowych - en","robots":{"index":"noindex","follow":"follow","max-snippet":"max-snippet:-1","max-image-preview":"max-image-preview:large","max-video-preview":"max-video-preview:-1"},"og_locale":"pl_PL","og_type":"article","og_title":"Informacja dotycz\u0105ca emisji, wykupu i sp\u0142aty d\u0142u\u017cnych papier\u00f3w warto\u015bciowych - en","og_url":"https:\/\/raport-pekao.pl\/en\/informacja-dotyczaca-emisji-wykupu-i-splaty-dluznych-papierow-wartosciowych\/","og_site_name":"en","article_modified_time":"2025-05-21T09:45:43+00:00","twitter_card":"summary_large_image","schema":{"@context":"https:\/\/schema.org","@graph":[{"@type":"WebPage","@id":"https:\/\/raport-pekao.pl\/en\/informacja-dotyczaca-emisji-wykupu-i-splaty-dluznych-papierow-wartosciowych\/","url":"https:\/\/raport-pekao.pl\/en\/informacja-dotyczaca-emisji-wykupu-i-splaty-dluznych-papierow-wartosciowych\/","name":"Informacja dotycz\u0105ca emisji, wykupu i sp\u0142aty d\u0142u\u017cnych papier\u00f3w warto\u015bciowych - en","isPartOf":{"@id":"https:\/\/raport-pekao.pl\/en\/#website"},"datePublished":"2025-05-21T09:40:58+00:00","dateModified":"2025-05-21T09:45:43+00:00","breadcrumb":{"@id":"https:\/\/raport-pekao.pl\/en\/informacja-dotyczaca-emisji-wykupu-i-splaty-dluznych-papierow-wartosciowych\/#breadcrumb"},"inLanguage":"pl-PL","potentialAction":[{"@type":"ReadAction","target":["https:\/\/raport-pekao.pl\/en\/informacja-dotyczaca-emisji-wykupu-i-splaty-dluznych-papierow-wartosciowych\/"]}]},{"@type":"BreadcrumbList","@id":"https:\/\/raport-pekao.pl\/en\/informacja-dotyczaca-emisji-wykupu-i-splaty-dluznych-papierow-wartosciowych\/#breadcrumb","itemListElement":[{"@type":"ListItem","position":1,"name":"Home","item":"https:\/\/raport-pekao.pl\/en\/"},{"@type":"ListItem","position":2,"name":"Informacja dotycz\u0105ca emisji, wykupu i sp\u0142aty d\u0142u\u017cnych papier\u00f3w warto\u015bciowych"}]},{"@type":"WebSite","@id":"https:\/\/raport-pekao.pl\/en\/#website","url":"https:\/\/raport-pekao.pl\/en\/","name":"en","description":"","potentialAction":[{"@type":"SearchAction","target":{"@type":"EntryPoint","urlTemplate":"https:\/\/raport-pekao.pl\/en\/?s={search_term_string}"},"query-input":{"@type":"PropertyValueSpecification","valueRequired":true,"valueName":"search_term_string"}}],"inLanguage":"pl-PL"}]}},"_links":{"self":[{"href":"https:\/\/raport-pekao.pl\/en\/wp-json\/wp\/v2\/pages\/979","targetHints":{"allow":["GET"]}}],"collection":[{"href":"https:\/\/raport-pekao.pl\/en\/wp-json\/wp\/v2\/pages"}],"about":[{"href":"https:\/\/raport-pekao.pl\/en\/wp-json\/wp\/v2\/types\/page"}],"author":[{"embeddable":true,"href":"https:\/\/raport-pekao.pl\/en\/wp-json\/wp\/v2\/users\/2"}],"replies":[{"embeddable":true,"href":"https:\/\/raport-pekao.pl\/en\/wp-json\/wp\/v2\/comments?post=979"}],"version-history":[{"count":2,"href":"https:\/\/raport-pekao.pl\/en\/wp-json\/wp\/v2\/pages\/979\/revisions"}],"predecessor-version":[{"id":981,"href":"https:\/\/raport-pekao.pl\/en\/wp-json\/wp\/v2\/pages\/979\/revisions\/981"}],"wp:attachment":[{"href":"https:\/\/raport-pekao.pl\/en\/wp-json\/wp\/v2\/media?parent=979"}],"wp:term":[{"taxonomy":"dictionary","embeddable":true,"href":"https:\/\/raport-pekao.pl\/en\/wp-json\/wp\/v2\/dictionary?post=979"}],"curies":[{"name":"wp","href":"https:\/\/api.w.org\/{rel}","templated":true}]}}